{"id":766,"date":"2025-06-19T15:28:01","date_gmt":"2025-06-19T13:28:01","guid":{"rendered":"https:\/\/monzafuorigp.com\/?page_id=766"},"modified":"2025-08-29T14:39:34","modified_gmt":"2025-08-29T12:39:34","slug":"chi-siamo","status":"publish","type":"page","link":"https:\/\/monzafuorigp.com\/en\/chi-siamo\/","title":{"rendered":"About us"},"content":{"rendered":"\t\t<div data-elementor-type=\"wp-page\" data-elementor-id=\"766\" class=\"elementor elementor-766\" data-elementor-post-type=\"page\">\n\t\t\t\t<div class=\"elementor-element elementor-element-bb8f105 e-flex e-con-boxed e-con e-parent\" data-id=\"bb8f105\" data-element_type=\"container\" data-e-type=\"container\" data-settings=\"{&quot;background_background&quot;:&quot;classic&quot;,&quot;jet_parallax_layout_list&quot;:[]}\">\n\t\t\t\t\t<div class=\"e-con-inner\">\n\t\t\t\t<div class=\"elementor-element elementor-element-d1e0b64 animated-fast titolo-effetto elementor-invisible elementor-widget elementor-widget-heading\" data-id=\"d1e0b64\" data-element_type=\"widget\" data-e-type=\"widget\" data-settings=\"{&quot;_animation&quot;:&quot;slideInDown&quot;}\" data-widget_type=\"heading.default\">\n\t\t\t\t<div class=\"elementor-widget-container\">\n\t\t\t\t\t<h1 class=\"elementor-heading-title elementor-size-default\">Dietro le quinte <br>di Monza FuoriGP<\/h1>\t\t\t\t<\/div>\n\t\t\t\t<\/div>\n\t\t<div class=\"elementor-element elementor-element-759bc6c e-con-full e-flex e-con e-child\" data-id=\"759bc6c\" data-element_type=\"container\" data-e-type=\"container\" data-settings=\"{&quot;background_background&quot;:&quot;classic&quot;,&quot;position&quot;:&quot;absolute&quot;,&quot;jet_parallax_layout_list&quot;:[]}\">\n\t\t\t\t<div class=\"elementor-element elementor-element-356b161 elementor-widget elementor-widget-image\" data-id=\"356b161\" data-element_type=\"widget\" data-e-type=\"widget\" data-widget_type=\"image.default\">\n\t\t\t\t<div class=\"elementor-widget-container\">\n\t\t\t\t\t\t\t\t\t\t\t\t\t\t\t<img fetchpriority=\"high\" decoding=\"async\" width=\"800\" height=\"107\" src=\"https:\/\/monzafuorigp.com\/wp-content\/uploads\/2025\/08\/STRISCIA-LOGHI-istituzionali.webp\" class=\"attachment-large size-large wp-image-3218\" alt=\"STRISCIA LOGHI istituzionali\" srcset=\"https:\/\/monzafuorigp.com\/wp-content\/uploads\/2025\/08\/STRISCIA-LOGHI-istituzionali.webp 1000w, https:\/\/monzafuorigp.com\/wp-content\/uploads\/2025\/08\/STRISCIA-LOGHI-istituzionali-300x40.webp 300w, https:\/\/monzafuorigp.com\/wp-content\/uploads\/2025\/08\/STRISCIA-LOGHI-istituzionali-768x103.webp 768w, https:\/\/monzafuorigp.com\/wp-content\/uploads\/2025\/08\/STRISCIA-LOGHI-istituzionali-18x2.webp 18w\" sizes=\"(max-width: 800px) 100vw, 800px\" \/>\t\t\t\t\t\t\t\t\t\t\t\t\t\t\t<\/div>\n\t\t\t\t<\/div>\n\t\t\t\t<\/div>\n\t\t\t\t\t<\/div>\n\t\t\t\t<\/div>\n\t\t<div class=\"elementor-element elementor-element-bf37dab chi-siamo-sezione-sopra e-flex e-con-boxed e-con e-parent\" data-id=\"bf37dab\" data-element_type=\"container\" data-e-type=\"container\" data-settings=\"{&quot;jet_parallax_layout_list&quot;:[]}\">\n\t\t\t\t\t<div class=\"e-con-inner\">\n\t\t<div class=\"elementor-element elementor-element-4f17d19 e-con-full chi-siamo-scacchiera e-flex e-con e-child\" data-id=\"4f17d19\" data-element_type=\"container\" data-e-type=\"container\" data-settings=\"{&quot;jet_parallax_layout_list&quot;:[]}\">\n\t\t\t\t<div class=\"elementor-element elementor-element-e7f99ae elementor-widget elementor-widget-image\" data-id=\"e7f99ae\" data-element_type=\"widget\" data-e-type=\"widget\" data-widget_type=\"image.default\">\n\t\t\t\t<div class=\"elementor-widget-container\">\n\t\t\t\t\t\t\t\t\t\t\t\t\t\t\t<img decoding=\"async\" width=\"800\" height=\"403\" src=\"https:\/\/monzafuorigp.com\/wp-content\/uploads\/2025\/06\/schacchiera-rossa-monza-fuori-gp-1024x516.webp\" class=\"attachment-large size-large wp-image-498\" alt=\"schacchiera rossa monza fuori gp\" srcset=\"https:\/\/monzafuorigp.com\/wp-content\/uploads\/2025\/06\/schacchiera-rossa-monza-fuori-gp-1024x516.webp 1024w, https:\/\/monzafuorigp.com\/wp-content\/uploads\/2025\/06\/schacchiera-rossa-monza-fuori-gp-300x151.webp 300w, https:\/\/monzafuorigp.com\/wp-content\/uploads\/2025\/06\/schacchiera-rossa-monza-fuori-gp-768x387.webp 768w, https:\/\/monzafuorigp.com\/wp-content\/uploads\/2025\/06\/schacchiera-rossa-monza-fuori-gp-1536x774.webp 1536w, https:\/\/monzafuorigp.com\/wp-content\/uploads\/2025\/06\/schacchiera-rossa-monza-fuori-gp.webp 1728w\" sizes=\"(max-width: 800px) 100vw, 800px\" \/>\t\t\t\t\t\t\t\t\t\t\t\t\t\t\t<\/div>\n\t\t\t\t<\/div>\n\t\t\t\t<\/div>\n\t\t<div class=\"elementor-element elementor-element-c72f646 e-con-full e-flex e-con e-child\" data-id=\"c72f646\" data-element_type=\"container\" data-e-type=\"container\" data-settings=\"{&quot;jet_parallax_layout_list&quot;:[]}\">\n\t\t\t\t<div class=\"elementor-element elementor-element-de1b44e elementor-widget elementor-widget-heading\" data-id=\"de1b44e\" data-element_type=\"widget\" data-e-type=\"widget\" data-widget_type=\"heading.default\">\n\t\t\t\t<div class=\"elementor-widget-container\">\n\t\t\t\t\t<h2 class=\"elementor-heading-title elementor-size-default\">Monza fuoriGP <br>\u00e8 molto pi\u00f9 di un evento<\/h2>\t\t\t\t<\/div>\n\t\t\t\t<\/div>\n\t\t\t\t<div class=\"elementor-element elementor-element-cb67eab elementor-widget__width-initial elementor-widget elementor-widget-text-editor\" data-id=\"cb67eab\" data-element_type=\"widget\" data-e-type=\"widget\" data-widget_type=\"text-editor.default\">\n\t\t\t\t<div class=\"elementor-widget-container\">\n\t\t\t\t\t\t\t\t\t<p>Monza FuoriGP \u00e8 un progetto voluto dal Comune di Monza in collaborazione con la realt\u00e0 monzese T Project Group &#8211; Sinapps. L&#8217;evento porta il brivido della Formula 1 fuori dal tracciato, trasformando la citt\u00e0 in un grande palco di emozioni, energia e spettacolo.<br \/>Tra concerti, performance e appuntamenti sportivi, Monza diventa il luogo dove cittadini e visitatori vivono esperienze memorabili.<br \/>Scopri il dietro le quinte e la passione che rendono possibile questo evento unico.<\/p>\t\t\t\t\t\t\t\t<\/div>\n\t\t\t\t<\/div>\n\t\t\t\t<\/div>\n\t\t\t\t\t<\/div>\n\t\t\t\t<\/div>\n\t\t<div class=\"elementor-element elementor-element-bda841e e-flex e-con-boxed e-con e-parent\" data-id=\"bda841e\" data-element_type=\"container\" data-e-type=\"container\" data-settings=\"{&quot;jet_parallax_layout_list&quot;:[]}\">\n\t\t\t\t\t<div class=\"e-con-inner\">\n\t\t<div class=\"elementor-element elementor-element-5a05b36 e-con-full e-flex e-con e-child\" data-id=\"5a05b36\" data-element_type=\"container\" data-e-type=\"container\" data-settings=\"{&quot;jet_parallax_layout_list&quot;:[]}\">\n\t\t\t\t<div class=\"elementor-element elementor-element-b2d5d09 elementor-widget elementor-widget-image\" data-id=\"b2d5d09\" data-element_type=\"widget\" data-e-type=\"widget\" data-widget_type=\"image.default\">\n\t\t\t\t<div class=\"elementor-widget-container\">\n\t\t\t\t\t\t\t\t\t\t\t\t\t\t\t<img decoding=\"async\" width=\"800\" height=\"813\" src=\"https:\/\/monzafuorigp.com\/wp-content\/uploads\/2025\/06\/fuori-gp-monza-1.webp\" class=\"attachment-large size-large wp-image-1196\" alt=\"fuori gp monza 1\" srcset=\"https:\/\/monzafuorigp.com\/wp-content\/uploads\/2025\/06\/fuori-gp-monza-1.webp 1000w, https:\/\/monzafuorigp.com\/wp-content\/uploads\/2025\/06\/fuori-gp-monza-1-295x300.webp 295w, https:\/\/monzafuorigp.com\/wp-content\/uploads\/2025\/06\/fuori-gp-monza-1-768x780.webp 768w\" sizes=\"(max-width: 800px) 100vw, 800px\" \/>\t\t\t\t\t\t\t\t\t\t\t\t\t\t\t<\/div>\n\t\t\t\t<\/div>\n\t\t\t\t<\/div>\n\t\t<div class=\"elementor-element elementor-element-17a0088 e-con-full e-flex e-con e-child\" data-id=\"17a0088\" data-element_type=\"container\" data-e-type=\"container\" data-settings=\"{&quot;jet_parallax_layout_list&quot;:[]}\">\n\t\t<div class=\"elementor-element elementor-element-c33b5f2 e-con-full e-flex e-con e-child\" data-id=\"c33b5f2\" data-element_type=\"container\" data-e-type=\"container\" data-settings=\"{&quot;jet_parallax_layout_list&quot;:[]}\">\n\t\t\t\t<div class=\"elementor-element elementor-element-41954e3 elementor-widget elementor-widget-heading\" data-id=\"41954e3\" data-element_type=\"widget\" data-e-type=\"widget\" data-widget_type=\"heading.default\">\n\t\t\t\t<div class=\"elementor-widget-container\">\n\t\t\t\t\t<h2 class=\"elementor-heading-title elementor-size-default\">LA NOSTRA MISSION<\/h2>\t\t\t\t<\/div>\n\t\t\t\t<\/div>\n\t\t\t\t<div class=\"elementor-element elementor-element-94cb562 animated-fast elementor-invisible elementor-widget elementor-widget-text-editor\" data-id=\"94cb562\" data-element_type=\"widget\" data-e-type=\"widget\" data-settings=\"{&quot;_animation&quot;:&quot;slideInUp&quot;}\" data-widget_type=\"text-editor.default\">\n\t\t\t\t<div class=\"elementor-widget-container\">\n\t\t\t\t\t\t\t\t\t<p>Portare la Formula 1 nel cuore della citt\u00e0: questo \u00e8 Monza FuoriGP.<br \/>Concerti, eventi sportivi e attivit\u00e0 culturali animano le strade, trasformando Monza in un\u2019esperienza da vivere insieme.<br \/>La nostra missione \u00e8 semplice: rendere indimenticabile ogni momento.<\/p>\t\t\t\t\t\t\t\t<\/div>\n\t\t\t\t<\/div>\n\t\t\t\t<\/div>\n\t\t\t\t<\/div>\n\t\t\t\t\t<\/div>\n\t\t\t\t<\/div>\n\t\t<div class=\"elementor-element elementor-element-a476274 e-flex e-con-boxed e-con e-parent\" data-id=\"a476274\" data-element_type=\"container\" data-e-type=\"container\" data-settings=\"{&quot;background_background&quot;:&quot;classic&quot;,&quot;jet_parallax_layout_list&quot;:[]}\">\n\t\t\t\t\t<div class=\"e-con-inner\">\n\t\t\t\t<div class=\"elementor-element elementor-element-b177ea2 animated-fast elementor-invisible elementor-widget elementor-widget-heading\" data-id=\"b177ea2\" data-element_type=\"widget\" data-e-type=\"widget\" data-settings=\"{&quot;_animation&quot;:&quot;slideInDown&quot;,&quot;_animation_delay&quot;:100}\" data-widget_type=\"heading.default\">\n\t\t\t\t<div class=\"elementor-widget-container\">\n\t\t\t\t\t<h2 class=\"elementor-heading-title elementor-size-default\">VUOI SAPERE COSA SUCCEDER\u00e0 E DOVE?<\/h2>\t\t\t\t<\/div>\n\t\t\t\t<\/div>\n\t\t\t\t<div class=\"elementor-element elementor-element-efe0d29 elementor-align-center elementor-tablet-align-center animated-fast elementor-invisible elementor-widget elementor-widget-button\" data-id=\"efe0d29\" data-element_type=\"widget\" data-e-type=\"widget\" data-settings=\"{&quot;_animation&quot;:&quot;slideInUp&quot;,&quot;_animation_delay&quot;:100}\" data-widget_type=\"button.default\">\n\t\t\t\t<div class=\"elementor-widget-container\">\n\t\t\t\t\t\t\t\t\t<div class=\"elementor-button-wrapper\">\n\t\t\t\t\t<a class=\"elementor-button elementor-button-link elementor-size-sm\" href=\"https:\/\/monzafuorigp.com\/eventi\/\">\n\t\t\t\t\t\t<span class=\"elementor-button-content-wrapper\">\n\t\t\t\t\t\t\t\t\t<span class=\"elementor-button-text\">SCOPRI GLI EVENTI<\/span>\n\t\t\t\t\t<\/span>\n\t\t\t\t\t<\/a>\n\t\t\t\t<\/div>\n\t\t\t\t\t\t\t\t<\/div>\n\t\t\t\t<\/div>\n\t\t\t\t\t<\/div>\n\t\t\t\t<\/div>\n\t\t<div class=\"elementor-element elementor-element-913ef6e e-con-full e-flex e-con e-parent\" data-id=\"913ef6e\" data-element_type=\"container\" data-e-type=\"container\" data-settings=\"{&quot;jet_parallax_layout_list&quot;:[]}\">\n\t\t\t\t<div class=\"elementor-element elementor-element-f3e107a elementor-widget elementor-widget-video\" data-id=\"f3e107a\" data-element_type=\"widget\" data-e-type=\"widget\" data-settings=\"{&quot;video_type&quot;:&quot;hosted&quot;,&quot;autoplay&quot;:&quot;yes&quot;,&quot;play_on_mobile&quot;:&quot;yes&quot;,&quot;mute&quot;:&quot;yes&quot;,&quot;loop&quot;:&quot;yes&quot;}\" data-widget_type=\"video.default\">\n\t\t\t\t<div class=\"elementor-widget-container\">\n\t\t\t\t\t\t\t<div class=\"e-hosted-video elementor-wrapper elementor-open-inline\">\n\t\t\t\t\t<video class=\"elementor-video\" src=\"https:\/\/monzafuorigp.com\/wp-content\/uploads\/2025\/08\/export-v1-logo-fire-1.mp4\" autoplay=\"\" loop=\"\" muted=\"muted\" playsinline=\"\" controlsList=\"nodownload\"><\/video>\n\t\t\t\t<\/div>\n\t\t\t\t\t\t<\/div>\n\t\t\t\t<\/div>\n\t\t\t\t<\/div>\n\t\t<div class=\"elementor-element elementor-element-8a8df7f e-flex e-con-boxed e-con e-parent\" data-id=\"8a8df7f\" data-element_type=\"container\" data-e-type=\"container\" data-settings=\"{&quot;jet_parallax_layout_list&quot;:[]}\">\n\t\t\t\t\t<div class=\"e-con-inner\">\n\t\t<div class=\"elementor-element elementor-element-84b8779 e-con-full e-flex e-con e-child\" data-id=\"84b8779\" data-element_type=\"container\" data-e-type=\"container\" data-settings=\"{&quot;jet_parallax_layout_list&quot;:[]}\">\n\t\t\t\t<div class=\"elementor-element elementor-element-ed8c2b0 elementor-widget elementor-widget-image\" data-id=\"ed8c2b0\" data-element_type=\"widget\" data-e-type=\"widget\" data-settings=\"{&quot;sticky&quot;:&quot;top&quot;,&quot;sticky_offset&quot;:50,&quot;sticky_parent&quot;:&quot;yes&quot;,&quot;sticky_on&quot;:[&quot;desktop&quot;,&quot;tablet&quot;,&quot;mobile&quot;],&quot;sticky_effects_offset&quot;:0,&quot;sticky_anchor_link_offset&quot;:0}\" data-widget_type=\"image.default\">\n\t\t\t\t<div class=\"elementor-widget-container\">\n\t\t\t\t\t\t\t\t\t\t\t\t\t\t\t<img loading=\"lazy\" decoding=\"async\" width=\"755\" height=\"1024\" src=\"https:\/\/monzafuorigp.com\/wp-content\/uploads\/2025\/06\/sindaco-monza-pilotto-monza-fuori-gp-755x1024.webp\" class=\"attachment-large size-large wp-image-742\" alt=\"sindaco monza pilotto monza fuori gp\" srcset=\"https:\/\/monzafuorigp.com\/wp-content\/uploads\/2025\/06\/sindaco-monza-pilotto-monza-fuori-gp-755x1024.webp 755w, https:\/\/monzafuorigp.com\/wp-content\/uploads\/2025\/06\/sindaco-monza-pilotto-monza-fuori-gp-221x300.webp 221w, https:\/\/monzafuorigp.com\/wp-content\/uploads\/2025\/06\/sindaco-monza-pilotto-monza-fuori-gp-768x1042.webp 768w, https:\/\/monzafuorigp.com\/wp-content\/uploads\/2025\/06\/sindaco-monza-pilotto-monza-fuori-gp-1132x1536.webp 1132w, https:\/\/monzafuorigp.com\/wp-content\/uploads\/2025\/06\/sindaco-monza-pilotto-monza-fuori-gp-1510x2048.webp 1510w, https:\/\/monzafuorigp.com\/wp-content\/uploads\/2025\/06\/sindaco-monza-pilotto-monza-fuori-gp.webp 1625w\" sizes=\"(max-width: 755px) 100vw, 755px\" \/>\t\t\t\t\t\t\t\t\t\t\t\t\t\t\t<\/div>\n\t\t\t\t<\/div>\n\t\t\t\t<\/div>\n\t\t<div class=\"elementor-element elementor-element-e3708b9 e-con-full e-flex e-con e-child\" data-id=\"e3708b9\" data-element_type=\"container\" data-e-type=\"container\" data-settings=\"{&quot;jet_parallax_layout_list&quot;:[]}\">\n\t\t\t\t<div class=\"elementor-element elementor-element-e3576c7 animated-fast elementor-invisible elementor-widget elementor-widget-text-editor\" data-id=\"e3576c7\" data-element_type=\"widget\" data-e-type=\"widget\" data-settings=\"{&quot;_animation&quot;:&quot;slideInUp&quot;,&quot;_animation_delay&quot;:200}\" data-widget_type=\"text-editor.default\">\n\t\t\t\t<div class=\"elementor-widget-container\">\n\t\t\t\t\t\t\t\t\t<p>Il Gran Premio di Formula 1 rappresenta per Monza non solo uno straordinario appuntamento sportivo internazionale, ma anche un\u2019occasione preziosa per far conoscere l\u2019identit\u00e0 della citt\u00e0 con il suo patrimonio urbano, sociale e culturale e per consentire l\u2019incontro tra i cittadini e i tantissimi visitatori in arrivo dall\u2019Italia e da oltre 60 Nazioni.<\/p><p>In questo spirito, il programma di FuoriGP2025 si propone come un invito aperto a vivere Monza in pista, oltre la pista e dentro la citt\u00e0.<\/p><p>Concerti, spettacoli, iniziative artistiche e sportive animeranno vie, piazze e quartieri della citt\u00e0, facendo convivere tradizione e contemporaneit\u00e0. \u00c8 questo intreccio di emozioni, incontri e vitalit\u00e0 condivisa che fa di FuoriGP un appuntamento atteso, capace di rafforzare il legame tra cittadini, visitatori e territorio e di esaltare la ricchezza culturale, paesaggistica e umana della nostra citt\u00e0.<\/p><p>Diamo, quindi, il nostro pi\u00f9 cordiale Benvenuto a chi sceglier\u00e0 Monza per la prima volta, felici di ritrovare con piacere chi gi\u00e0 conosce molto bene il calore e l\u2019energia di questi giorni speciali.<\/p><p>La citt\u00e0 \u00e8 pronta a farsi scoprire da chi ancora non l\u2019ha mai frequentata e ad accogliere con nuove iniziative chi vi fa ritorno anche quest\u2019anno.<\/p><p>Buon FuoriGP2025!<\/p>\t\t\t\t\t\t\t\t<\/div>\n\t\t\t\t<\/div>\n\t\t<div class=\"elementor-element elementor-element-5913b07 e-con-full e-flex e-con e-child\" data-id=\"5913b07\" data-element_type=\"container\" data-e-type=\"container\" data-settings=\"{&quot;jet_parallax_layout_list&quot;:[]}\">\n\t\t\t\t<div class=\"elementor-element elementor-element-d79664d animated-fast elementor-invisible elementor-widget elementor-widget-heading\" data-id=\"d79664d\" data-element_type=\"widget\" data-e-type=\"widget\" data-settings=\"{&quot;_animation&quot;:&quot;slideInUp&quot;}\" data-widget_type=\"heading.default\">\n\t\t\t\t<div class=\"elementor-widget-container\">\n\t\t\t\t\t<p class=\"elementor-heading-title elementor-size-default\">Paolo Pilotto<\/p>\t\t\t\t<\/div>\n\t\t\t\t<\/div>\n\t\t\t\t<div class=\"elementor-element elementor-element-1b2be80 animated-fast elementor-invisible elementor-widget elementor-widget-heading\" data-id=\"1b2be80\" data-element_type=\"widget\" data-e-type=\"widget\" data-settings=\"{&quot;_animation&quot;:&quot;slideInUp&quot;,&quot;_animation_delay&quot;:100}\" data-widget_type=\"heading.default\">\n\t\t\t\t<div class=\"elementor-widget-container\">\n\t\t\t\t\t<p class=\"elementor-heading-title elementor-size-default\">Sindaco di Monza<\/p>\t\t\t\t<\/div>\n\t\t\t\t<\/div>\n\t\t\t\t<\/div>\n\t\t\t\t<\/div>\n\t\t\t\t\t<\/div>\n\t\t\t\t<\/div>\n\t\t\t\t<\/div>\n\t\t","protected":false},"excerpt":{"rendered":"<p>Dietro le quinte di Monza FuoriGP Monza fuoriGP \u00e8 molto pi\u00f9 di un evento Monza FuoriGP \u00e8 un progetto voluto dal Comune di Monza in collaborazione con la realt\u00e0 monzese T Project Group &#8211; Sinapps. L&#8217;evento porta il brivido della Formula 1 fuori dal tracciato, trasformando la citt\u00e0 in un grande palco di emozioni, energia [&hellip;]<\/p>\n","protected":false},"author":4,"featured_media":0,"parent":0,"menu_order":0,"comment_status":"closed","ping_status":"closed","template":"","meta":{"footnotes":""},"class_list":["post-766","page","type-page","status-publish","hentry"],"yoast_head":"<!-- This site is optimized with the Yoast SEO plugin v27.2 - https:\/\/yoast.com\/product\/yoast-seo-wordpress\/ -->\n<title>Chi siamo - Monza Fuori GP 2026<\/title>\n<meta name=\"robots\" content=\"index, follow, max-snippet:-1, max-image-preview:large, max-video-preview:-1\" \/>\n<link rel=\"canonical\" href=\"https:\/\/monzafuorigp.com\/en\/chi-siamo\/\" \/>\n<meta property=\"og:locale\" content=\"en_GB\" \/>\n<meta property=\"og:type\" content=\"article\" \/>\n<meta property=\"og:title\" content=\"Chi siamo - Monza Fuori GP 2026\" \/>\n<meta property=\"og:description\" content=\"Dietro le quinte di Monza FuoriGP Monza fuoriGP \u00e8 molto pi\u00f9 di un evento Monza FuoriGP \u00e8 un progetto voluto dal Comune di Monza in collaborazione con la realt\u00e0 monzese T Project Group &#8211; Sinapps. L&#8217;evento porta il brivido della Formula 1 fuori dal tracciato, trasformando la citt\u00e0 in un grande palco di emozioni, energia [&hellip;]\" \/>\n<meta property=\"og:url\" content=\"https:\/\/monzafuorigp.com\/en\/chi-siamo\/\" \/>\n<meta property=\"og:site_name\" content=\"Monza Fuori GP 2026\" \/>\n<meta property=\"article:modified_time\" content=\"2025-08-29T12:39:34+00:00\" \/>\n<meta property=\"og:image\" content=\"https:\/\/monzafuorigp.com\/wp-content\/uploads\/2025\/08\/STRISCIA-LOGHI-istituzionali.webp\" \/>\n<meta name=\"twitter:card\" content=\"summary_large_image\" \/>\n<meta name=\"twitter:label1\" content=\"Estimated reading time\" \/>\n\t<meta name=\"twitter:data1\" content=\"3 minutes\" \/>\n<script type=\"application\/ld+json\" class=\"yoast-schema-graph\">{\"@context\":\"https:\/\/schema.org\",\"@graph\":[{\"@type\":\"WebPage\",\"@id\":\"https:\/\/monzafuorigp.com\/chi-siamo\/\",\"url\":\"https:\/\/monzafuorigp.com\/chi-siamo\/\",\"name\":\"Chi siamo - Monza Fuori GP 2026\",\"isPartOf\":{\"@id\":\"https:\/\/monzafuorigp.com\/#website\"},\"primaryImageOfPage\":{\"@id\":\"https:\/\/monzafuorigp.com\/chi-siamo\/#primaryimage\"},\"image\":{\"@id\":\"https:\/\/monzafuorigp.com\/chi-siamo\/#primaryimage\"},\"thumbnailUrl\":\"https:\/\/monzafuorigp.com\/wp-content\/uploads\/2025\/08\/STRISCIA-LOGHI-istituzionali.webp\",\"datePublished\":\"2025-06-19T13:28:01+00:00\",\"dateModified\":\"2025-08-29T12:39:34+00:00\",\"breadcrumb\":{\"@id\":\"https:\/\/monzafuorigp.com\/chi-siamo\/#breadcrumb\"},\"inLanguage\":\"en-GB\",\"potentialAction\":[{\"@type\":\"ReadAction\",\"target\":[\"https:\/\/monzafuorigp.com\/chi-siamo\/\"]}]},{\"@type\":\"ImageObject\",\"inLanguage\":\"en-GB\",\"@id\":\"https:\/\/monzafuorigp.com\/chi-siamo\/#primaryimage\",\"url\":\"https:\/\/monzafuorigp.com\/wp-content\/uploads\/2025\/08\/STRISCIA-LOGHI-istituzionali.webp\",\"contentUrl\":\"https:\/\/monzafuorigp.com\/wp-content\/uploads\/2025\/08\/STRISCIA-LOGHI-istituzionali.webp\"},{\"@type\":\"BreadcrumbList\",\"@id\":\"https:\/\/monzafuorigp.com\/chi-siamo\/#breadcrumb\",\"itemListElement\":[{\"@type\":\"ListItem\",\"position\":1,\"name\":\"Home\",\"item\":\"https:\/\/monzafuorigp.com\/\"},{\"@type\":\"ListItem\",\"position\":2,\"name\":\"Chi siamo\"}]},{\"@type\":\"WebSite\",\"@id\":\"https:\/\/monzafuorigp.com\/#website\",\"url\":\"https:\/\/monzafuorigp.com\/\",\"name\":\"Monza Fuori GP 2026\",\"description\":\"\",\"publisher\":{\"@id\":\"https:\/\/monzafuorigp.com\/#organization\"},\"potentialAction\":[{\"@type\":\"SearchAction\",\"target\":{\"@type\":\"EntryPoint\",\"urlTemplate\":\"https:\/\/monzafuorigp.com\/?s={search_term_string}\"},\"query-input\":{\"@type\":\"PropertyValueSpecification\",\"valueRequired\":true,\"valueName\":\"search_term_string\"}}],\"inLanguage\":\"en-GB\"},{\"@type\":\"Organization\",\"@id\":\"https:\/\/monzafuorigp.com\/#organization\",\"name\":\"Monza Fuori GP 2026\",\"url\":\"https:\/\/monzafuorigp.com\/\",\"logo\":{\"@type\":\"ImageObject\",\"inLanguage\":\"en-GB\",\"@id\":\"https:\/\/monzafuorigp.com\/#\/schema\/logo\/image\/\",\"url\":\"https:\/\/monzafuorigp.com\/wp-content\/uploads\/2025\/06\/bianco-scaled.png\",\"contentUrl\":\"https:\/\/monzafuorigp.com\/wp-content\/uploads\/2025\/06\/bianco-scaled.png\",\"width\":2560,\"height\":1253,\"caption\":\"Monza Fuori GP 2026\"},\"image\":{\"@id\":\"https:\/\/monzafuorigp.com\/#\/schema\/logo\/image\/\"}}]}<\/script>\n<!-- \/ Yoast SEO plugin. -->","yoast_head_json":{"title":"Chi siamo - Monza Fuori GP 2026","robots":{"index":"index","follow":"follow","max-snippet":"max-snippet:-1","max-image-preview":"max-image-preview:large","max-video-preview":"max-video-preview:-1"},"canonical":"https:\/\/monzafuorigp.com\/en\/chi-siamo\/","og_locale":"en_GB","og_type":"article","og_title":"Chi siamo - Monza Fuori GP 2026","og_description":"Dietro le quinte di Monza FuoriGP Monza fuoriGP \u00e8 molto pi\u00f9 di un evento Monza FuoriGP \u00e8 un progetto voluto dal Comune di Monza in collaborazione con la realt\u00e0 monzese T Project Group &#8211; Sinapps. L&#8217;evento porta il brivido della Formula 1 fuori dal tracciato, trasformando la citt\u00e0 in un grande palco di emozioni, energia [&hellip;]","og_url":"https:\/\/monzafuorigp.com\/en\/chi-siamo\/","og_site_name":"Monza Fuori GP 2026","article_modified_time":"2025-08-29T12:39:34+00:00","og_image":[{"url":"https:\/\/monzafuorigp.com\/wp-content\/uploads\/2025\/08\/STRISCIA-LOGHI-istituzionali.webp","type":"","width":"","height":""}],"twitter_card":"summary_large_image","twitter_misc":{"Estimated reading time":"3 minutes"},"schema":{"@context":"https:\/\/schema.org","@graph":[{"@type":"WebPage","@id":"https:\/\/monzafuorigp.com\/chi-siamo\/","url":"https:\/\/monzafuorigp.com\/chi-siamo\/","name":"Chi siamo - Monza Fuori GP 2026","isPartOf":{"@id":"https:\/\/monzafuorigp.com\/#website"},"primaryImageOfPage":{"@id":"https:\/\/monzafuorigp.com\/chi-siamo\/#primaryimage"},"image":{"@id":"https:\/\/monzafuorigp.com\/chi-siamo\/#primaryimage"},"thumbnailUrl":"https:\/\/monzafuorigp.com\/wp-content\/uploads\/2025\/08\/STRISCIA-LOGHI-istituzionali.webp","datePublished":"2025-06-19T13:28:01+00:00","dateModified":"2025-08-29T12:39:34+00:00","breadcrumb":{"@id":"https:\/\/monzafuorigp.com\/chi-siamo\/#breadcrumb"},"inLanguage":"en-GB","potentialAction":[{"@type":"ReadAction","target":["https:\/\/monzafuorigp.com\/chi-siamo\/"]}]},{"@type":"ImageObject","inLanguage":"en-GB","@id":"https:\/\/monzafuorigp.com\/chi-siamo\/#primaryimage","url":"https:\/\/monzafuorigp.com\/wp-content\/uploads\/2025\/08\/STRISCIA-LOGHI-istituzionali.webp","contentUrl":"https:\/\/monzafuorigp.com\/wp-content\/uploads\/2025\/08\/STRISCIA-LOGHI-istituzionali.webp"},{"@type":"BreadcrumbList","@id":"https:\/\/monzafuorigp.com\/chi-siamo\/#breadcrumb","itemListElement":[{"@type":"ListItem","position":1,"name":"Home","item":"https:\/\/monzafuorigp.com\/"},{"@type":"ListItem","position":2,"name":"Chi siamo"}]},{"@type":"WebSite","@id":"https:\/\/monzafuorigp.com\/#website","url":"https:\/\/monzafuorigp.com\/","name":"Monza Fuori GP 2026","description":"","publisher":{"@id":"https:\/\/monzafuorigp.com\/#organization"},"potentialAction":[{"@type":"SearchAction","target":{"@type":"EntryPoint","urlTemplate":"https:\/\/monzafuorigp.com\/?s={search_term_string}"},"query-input":{"@type":"PropertyValueSpecification","valueRequired":true,"valueName":"search_term_string"}}],"inLanguage":"en-GB"},{"@type":"Organization","@id":"https:\/\/monzafuorigp.com\/#organization","name":"Monza Fuori GP 2026","url":"https:\/\/monzafuorigp.com\/","logo":{"@type":"ImageObject","inLanguage":"en-GB","@id":"https:\/\/monzafuorigp.com\/#\/schema\/logo\/image\/","url":"https:\/\/monzafuorigp.com\/wp-content\/uploads\/2025\/06\/bianco-scaled.png","contentUrl":"https:\/\/monzafuorigp.com\/wp-content\/uploads\/2025\/06\/bianco-scaled.png","width":2560,"height":1253,"caption":"Monza Fuori GP 2026"},"image":{"@id":"https:\/\/monzafuorigp.com\/#\/schema\/logo\/image\/"}}]}},"_links":{"self":[{"href":"https:\/\/monzafuorigp.com\/en\/wp-json\/wp\/v2\/pages\/766","targetHints":{"allow":["GET"]}}],"collection":[{"href":"https:\/\/monzafuorigp.com\/en\/wp-json\/wp\/v2\/pages"}],"about":[{"href":"https:\/\/monzafuorigp.com\/en\/wp-json\/wp\/v2\/types\/page"}],"author":[{"embeddable":true,"href":"https:\/\/monzafuorigp.com\/en\/wp-json\/wp\/v2\/users\/4"}],"replies":[{"embeddable":true,"href":"https:\/\/monzafuorigp.com\/en\/wp-json\/wp\/v2\/comments?post=766"}],"version-history":[{"count":280,"href":"https:\/\/monzafuorigp.com\/en\/wp-json\/wp\/v2\/pages\/766\/revisions"}],"predecessor-version":[{"id":3252,"href":"https:\/\/monzafuorigp.com\/en\/wp-json\/wp\/v2\/pages\/766\/revisions\/3252"}],"wp:attachment":[{"href":"https:\/\/monzafuorigp.com\/en\/wp-json\/wp\/v2\/media?parent=766"}],"curies":[{"name":"wp","href":"https:\/\/api.w.org\/{rel}","templated":true}]}}